{"id":16,"date":"2025-07-30T08:33:53","date_gmt":"2025-07-30T08:33:53","guid":{"rendered":"https:\/\/tianzhuricorico.rkinformatika.online\/?page_id=16"},"modified":"2025-07-30T14:21:13","modified_gmt":"2025-07-30T14:21:13","slug":"inicio","status":"publish","type":"page","link":"https:\/\/tianzhuricorico.com\/en\/","title":{"rendered":"Home"},"content":{"rendered":"\t\t<div data-elementor-type=\"wp-page\" data-elementor-id=\"16\" class=\"elementor elementor-16\" data-elementor-post-type=\"page\">\n\t\t\t\t<div class=\"elementor-element elementor-element-ea785eb e-con-full e-flex e-con e-parent\" data-id=\"ea785eb\" data-element_type=\"container\" data-e-type=\"container\" data-settings=\"{&quot;background_background&quot;:&quot;classic&quot;,&quot;background_motion_fx_motion_fx_scrolling&quot;:&quot;yes&quot;,&quot;background_motion_fx_devices&quot;:[&quot;desktop&quot;,&quot;tablet&quot;,&quot;mobile&quot;]}\">\n\t\t\t\t<div class=\"elementor-element elementor-element-20685b0 animated-slow elementor-invisible elementor-widget elementor-widget-heading\" data-id=\"20685b0\" data-element_type=\"widget\" data-e-type=\"widget\" data-settings=\"{&quot;_animation_tablet&quot;:&quot;fadeInUp&quot;,&quot;_animation_mobile&quot;:&quot;fadeInUp&quot;,&quot;_animation&quot;:&quot;fadeInUp&quot;}\" data-widget_type=\"heading.default\">\n\t\t\t\t\t<h2 class=\"elementor-heading-title elementor-size-default\">Cervecer\u00eda Rico Rico<\/h2>\t\t\t\t<\/div>\n\t\t\t\t<\/div>\n\t\t<div class=\"elementor-element elementor-element-995f2c0 e-flex e-con-boxed e-con e-parent\" data-id=\"995f2c0\" data-element_type=\"container\" data-e-type=\"container\" data-settings=\"{&quot;background_background&quot;:&quot;classic&quot;}\">\n\t\t\t\t\t<div class=\"e-con-inner\">\n\t\t<div class=\"elementor-element elementor-element-cfb2264 e-con-full e-flex elementor-invisible e-con e-child\" data-id=\"cfb2264\" data-element_type=\"container\" data-e-type=\"container\" data-settings=\"{&quot;background_background&quot;:&quot;classic&quot;,&quot;animation&quot;:&quot;fadeInLeft&quot;}\">\n\t\t\t\t<\/div>\n\t\t<div class=\"elementor-element elementor-element-0a0cbeb e-con-full e-flex e-con e-child\" data-id=\"0a0cbeb\" data-element_type=\"container\" data-e-type=\"container\">\n\t\t\t\t<div class=\"elementor-element elementor-element-377793e elementor-widget elementor-widget-heading\" data-id=\"377793e\" data-element_type=\"widget\" data-e-type=\"widget\" data-widget_type=\"heading.default\">\n\t\t\t\t\t<h2 class=\"elementor-heading-title elementor-size-default\">Sobre Nosotros<\/h2>\t\t\t\t<\/div>\n\t\t\t\t<div class=\"elementor-element elementor-element-4e7ccce elementor-widget elementor-widget-text-editor\" data-id=\"4e7ccce\" data-element_type=\"widget\" data-e-type=\"widget\" data-widget_type=\"text-editor.default\">\n\t\t\t\t\t\t\t\t\t<p data-start=\"241\" data-end=\"507\">En Cervecer\u00eda Rico Rico, llevamos la pasi\u00f3n por la buena comida y la cerveza bien tirada al coraz\u00f3n de Zaragoza. Somos una cervecer\u00eda de barrio con alma tradicional y sabor aut\u00e9ntico, donde cada tapa cuenta una historia y cada cliente es bienvenido como en casa.<\/p><p data-start=\"509\" data-end=\"852\">Desde nuestros inicios en la Calle San Blas, hemos apostado por una cocina sencilla pero sabrosa: torreznos de Soria crujientes, croquetas caseras, hamburguesas con carne Angus, y raciones generosas pensadas para compartir entre risas y buena compa\u00f1\u00eda. Trabajamos con ingredientes frescos y recetas que combinan tradici\u00f3n y cari\u00f1o.<\/p>\t\t\t\t\t\t\t\t<\/div>\n\t\t\t\t<\/div>\n\t\t\t\t\t<\/div>\n\t\t\t\t<\/div>\n\t\t<div class=\"elementor-element elementor-element-343313b e-flex e-con-boxed e-con e-parent\" data-id=\"343313b\" data-element_type=\"container\" data-e-type=\"container\" data-settings=\"{&quot;background_background&quot;:&quot;classic&quot;}\">\n\t\t\t\t\t<div class=\"e-con-inner\">\n\t\t\t\t<div class=\"elementor-element elementor-element-cb2590f elementor-invisible elementor-widget elementor-widget-heading\" data-id=\"cb2590f\" data-element_type=\"widget\" data-e-type=\"widget\" data-settings=\"{&quot;_animation&quot;:&quot;fadeInDown&quot;,&quot;motion_fx_motion_fx_scrolling&quot;:&quot;yes&quot;,&quot;motion_fx_opacity_effect&quot;:&quot;yes&quot;,&quot;motion_fx_opacity_direction&quot;:&quot;out-in-out&quot;,&quot;motion_fx_opacity_range&quot;:{&quot;unit&quot;:&quot;%&quot;,&quot;size&quot;:&quot;&quot;,&quot;sizes&quot;:{&quot;start&quot;:37,&quot;end&quot;:100}},&quot;motion_fx_opacity_level&quot;:{&quot;unit&quot;:&quot;px&quot;,&quot;size&quot;:10,&quot;sizes&quot;:[]},&quot;motion_fx_devices&quot;:[&quot;desktop&quot;,&quot;tablet&quot;,&quot;mobile&quot;]}\" data-widget_type=\"heading.default\">\n\t\t\t\t\t<h2 class=\"elementor-heading-title elementor-size-default\">M\u00e1s que tapas: sabor, calidad y buen ambiente.\n\n<\/h2>\t\t\t\t<\/div>\n\t\t\t\t<div class=\"elementor-element elementor-element-f902680 elementor-invisible elementor-widget elementor-widget-text-editor\" data-id=\"f902680\" data-element_type=\"widget\" data-e-type=\"widget\" data-settings=\"{&quot;_animation&quot;:&quot;fadeInUp&quot;,&quot;motion_fx_motion_fx_scrolling&quot;:&quot;yes&quot;,&quot;motion_fx_opacity_effect&quot;:&quot;yes&quot;,&quot;motion_fx_opacity_direction&quot;:&quot;out-in-out&quot;,&quot;motion_fx_opacity_range&quot;:{&quot;unit&quot;:&quot;%&quot;,&quot;size&quot;:&quot;&quot;,&quot;sizes&quot;:{&quot;start&quot;:37,&quot;end&quot;:100}},&quot;motion_fx_opacity_level&quot;:{&quot;unit&quot;:&quot;px&quot;,&quot;size&quot;:10,&quot;sizes&quot;:[]},&quot;motion_fx_devices&quot;:[&quot;desktop&quot;,&quot;tablet&quot;,&quot;mobile&quot;]}\" data-widget_type=\"text-editor.default\">\n\t\t\t\t\t\t\t\t\t<p data-start=\"38\" data-end=\"415\">Desde nuestras tapas tradicionales elaboradas con mimo, hasta platos combinados, hamburguesas y bocadillos preparados al momento, todo acompa\u00f1ado del mejor ambiente de barrio, atenci\u00f3n cercana y la posibilidad de disfrutarlo tanto en nuestro local como en la comodidad de tu casa gracias a nuestro servicio a domicilio.<\/p>\t\t\t\t\t\t\t\t<\/div>\n\t\t\t\t<div class=\"elementor-element elementor-element-1d8c4a5 elementor-tablet-align-center animated-slow elementor-invisible elementor-widget elementor-widget-button\" data-id=\"1d8c4a5\" data-element_type=\"widget\" data-e-type=\"widget\" data-settings=\"{&quot;_animation&quot;:&quot;fadeInUp&quot;,&quot;_animation_tablet&quot;:&quot;fadeInUp&quot;,&quot;_animation_mobile&quot;:&quot;fadeInUp&quot;}\" data-widget_type=\"button.default\">\n\t\t\t\t\t\t\t\t\t\t<a class=\"elementor-button elementor-button-link elementor-size-sm\" href=\"https:\/\/tianzhuricorico.com\/productos\/\">\n\t\t\t\t\t\t<span class=\"elementor-button-content-wrapper\">\n\t\t\t\t\t\t\t\t\t<span class=\"elementor-button-text\">Productos<\/span>\n\t\t\t\t\t<\/span>\n\t\t\t\t\t<\/a>\n\t\t\t\t\t\t\t\t<\/div>\n\t\t\t\t\t<\/div>\n\t\t\t\t<\/div>\n\t\t\t\t<\/div>\n\t\t","protected":false},"excerpt":{"rendered":"<p>Cervecer\u00eda Rico Rico Sobre Nosotros En Cervecer\u00eda Rico Rico, llevamos la pasi\u00f3n por la buena comida y la cerveza bien tirada al coraz\u00f3n de Zaragoza. Somos una cervecer\u00eda de barrio con alma tradicional y sabor aut\u00e9ntico, donde cada tapa cuenta una historia y cada cliente es bienvenido como en casa. Desde nuestros inicios en la [&hellip;]<\/p>\n","protected":false},"author":1,"featured_media":0,"parent":0,"menu_order":0,"comment_status":"closed","ping_status":"closed","template":"elementor_canvas","meta":{"footnotes":""},"class_list":["post-16","page","type-page","status-publish","hentry"],"yoast_head":"<!-- This site is optimized with the Yoast SEO plugin v27.3 - https:\/\/yoast.com\/product\/yoast-seo-wordpress\/ -->\n<title>Inicio - Cervecer\u00eda Rico Rico<\/title>\n<meta name=\"robots\" content=\"index, follow, max-snippet:-1, max-image-preview:large, max-video-preview:-1\" \/>\n<link rel=\"canonical\" href=\"https:\/\/tianzhuricorico.com\/en\/\" \/>\n<meta property=\"og:locale\" content=\"en_GB\" \/>\n<meta property=\"og:type\" content=\"article\" \/>\n<meta property=\"og:title\" content=\"Inicio - Cervecer\u00eda Rico Rico\" \/>\n<meta property=\"og:description\" content=\"Cervecer\u00eda Rico Rico Sobre Nosotros En Cervecer\u00eda Rico Rico, llevamos la pasi\u00f3n por la buena comida y la cerveza bien tirada al coraz\u00f3n de Zaragoza. Somos una cervecer\u00eda de barrio con alma tradicional y sabor aut\u00e9ntico, donde cada tapa cuenta una historia y cada cliente es bienvenido como en casa. Desde nuestros inicios en la [&hellip;]\" \/>\n<meta property=\"og:url\" content=\"https:\/\/tianzhuricorico.com\/en\/\" \/>\n<meta property=\"og:site_name\" content=\"Cervecer\u00eda Rico Rico\" \/>\n<meta property=\"article:modified_time\" content=\"2025-07-30T14:21:13+00:00\" \/>\n<meta name=\"twitter:card\" content=\"summary_large_image\" \/>\n<meta name=\"twitter:label1\" content=\"Estimated reading time\" \/>\n\t<meta name=\"twitter:data1\" content=\"1 minute\" \/>\n<script type=\"application\/ld+json\" class=\"yoast-schema-graph\">{\"@context\":\"https:\\\/\\\/schema.org\",\"@graph\":[{\"@type\":\"WebPage\",\"@id\":\"https:\\\/\\\/tianzhuricorico.com\\\/\",\"url\":\"https:\\\/\\\/tianzhuricorico.com\\\/\",\"name\":\"Inicio - Cervecer\u00eda Rico Rico\",\"isPartOf\":{\"@id\":\"https:\\\/\\\/tianzhuricorico.com\\\/#website\"},\"datePublished\":\"2025-07-30T08:33:53+00:00\",\"dateModified\":\"2025-07-30T14:21:13+00:00\",\"breadcrumb\":{\"@id\":\"https:\\\/\\\/tianzhuricorico.com\\\/#breadcrumb\"},\"inLanguage\":\"en-GB\",\"potentialAction\":[{\"@type\":\"ReadAction\",\"target\":[\"https:\\\/\\\/tianzhuricorico.com\\\/\"]}]},{\"@type\":\"BreadcrumbList\",\"@id\":\"https:\\\/\\\/tianzhuricorico.com\\\/#breadcrumb\",\"itemListElement\":[{\"@type\":\"ListItem\",\"position\":1,\"name\":\"Portada\",\"item\":\"https:\\\/\\\/tianzhuricorico.com\\\/\"},{\"@type\":\"ListItem\",\"position\":2,\"name\":\"Inicio\"}]},{\"@type\":\"WebSite\",\"@id\":\"https:\\\/\\\/tianzhuricorico.com\\\/#website\",\"url\":\"https:\\\/\\\/tianzhuricorico.com\\\/\",\"name\":\"Cervecer\u00eda Rico Rico\",\"description\":\"Bar cervecer\u00eda restaurante\",\"publisher\":{\"@id\":\"https:\\\/\\\/tianzhuricorico.com\\\/#organization\"},\"potentialAction\":[{\"@type\":\"SearchAction\",\"target\":{\"@type\":\"EntryPoint\",\"urlTemplate\":\"https:\\\/\\\/tianzhuricorico.com\\\/?s={search_term_string}\"},\"query-input\":{\"@type\":\"PropertyValueSpecification\",\"valueRequired\":true,\"valueName\":\"search_term_string\"}}],\"inLanguage\":\"en-GB\"},{\"@type\":\"Organization\",\"@id\":\"https:\\\/\\\/tianzhuricorico.com\\\/#organization\",\"name\":\"Cervecer\u00eda Rico Rico\",\"url\":\"https:\\\/\\\/tianzhuricorico.com\\\/\",\"logo\":{\"@type\":\"ImageObject\",\"inLanguage\":\"en-GB\",\"@id\":\"https:\\\/\\\/tianzhuricorico.com\\\/#\\\/schema\\\/logo\\\/image\\\/\",\"url\":\"https:\\\/\\\/tianzhuricorico.com\\\/wp-content\\\/uploads\\\/2025\\\/07\\\/cropped-Diseno-sin-titulo.png\",\"contentUrl\":\"https:\\\/\\\/tianzhuricorico.com\\\/wp-content\\\/uploads\\\/2025\\\/07\\\/cropped-Diseno-sin-titulo.png\",\"width\":390,\"height\":451,\"caption\":\"Cervecer\u00eda Rico Rico\"},\"image\":{\"@id\":\"https:\\\/\\\/tianzhuricorico.com\\\/#\\\/schema\\\/logo\\\/image\\\/\"}}]}<\/script>\n<!-- \/ Yoast SEO plugin. -->","yoast_head_json":{"title":"Inicio - Cervecer\u00eda Rico Rico","robots":{"index":"index","follow":"follow","max-snippet":"max-snippet:-1","max-image-preview":"max-image-preview:large","max-video-preview":"max-video-preview:-1"},"canonical":"https:\/\/tianzhuricorico.com\/en\/","og_locale":"en_GB","og_type":"article","og_title":"Inicio - Cervecer\u00eda Rico Rico","og_description":"Cervecer\u00eda Rico Rico Sobre Nosotros En Cervecer\u00eda Rico Rico, llevamos la pasi\u00f3n por la buena comida y la cerveza bien tirada al coraz\u00f3n de Zaragoza. Somos una cervecer\u00eda de barrio con alma tradicional y sabor aut\u00e9ntico, donde cada tapa cuenta una historia y cada cliente es bienvenido como en casa. Desde nuestros inicios en la [&hellip;]","og_url":"https:\/\/tianzhuricorico.com\/en\/","og_site_name":"Cervecer\u00eda Rico Rico","article_modified_time":"2025-07-30T14:21:13+00:00","twitter_card":"summary_large_image","twitter_misc":{"Estimated reading time":"1 minute"},"schema":{"@context":"https:\/\/schema.org","@graph":[{"@type":"WebPage","@id":"https:\/\/tianzhuricorico.com\/","url":"https:\/\/tianzhuricorico.com\/","name":"Inicio - Cervecer\u00eda Rico Rico","isPartOf":{"@id":"https:\/\/tianzhuricorico.com\/#website"},"datePublished":"2025-07-30T08:33:53+00:00","dateModified":"2025-07-30T14:21:13+00:00","breadcrumb":{"@id":"https:\/\/tianzhuricorico.com\/#breadcrumb"},"inLanguage":"en-GB","potentialAction":[{"@type":"ReadAction","target":["https:\/\/tianzhuricorico.com\/"]}]},{"@type":"BreadcrumbList","@id":"https:\/\/tianzhuricorico.com\/#breadcrumb","itemListElement":[{"@type":"ListItem","position":1,"name":"Portada","item":"https:\/\/tianzhuricorico.com\/"},{"@type":"ListItem","position":2,"name":"Inicio"}]},{"@type":"WebSite","@id":"https:\/\/tianzhuricorico.com\/#website","url":"https:\/\/tianzhuricorico.com\/","name":"Rico Rico Brewery","description":"Bar cervecer\u00eda restaurante","publisher":{"@id":"https:\/\/tianzhuricorico.com\/#organization"},"potentialAction":[{"@type":"SearchAction","target":{"@type":"EntryPoint","urlTemplate":"https:\/\/tianzhuricorico.com\/?s={search_term_string}"},"query-input":{"@type":"PropertyValueSpecification","valueRequired":true,"valueName":"search_term_string"}}],"inLanguage":"en-GB"},{"@type":"Organization","@id":"https:\/\/tianzhuricorico.com\/#organization","name":"Rico Rico Brewery","url":"https:\/\/tianzhuricorico.com\/","logo":{"@type":"ImageObject","inLanguage":"en-GB","@id":"https:\/\/tianzhuricorico.com\/#\/schema\/logo\/image\/","url":"https:\/\/tianzhuricorico.com\/wp-content\/uploads\/2025\/07\/cropped-Diseno-sin-titulo.png","contentUrl":"https:\/\/tianzhuricorico.com\/wp-content\/uploads\/2025\/07\/cropped-Diseno-sin-titulo.png","width":390,"height":451,"caption":"Cervecer\u00eda Rico Rico"},"image":{"@id":"https:\/\/tianzhuricorico.com\/#\/schema\/logo\/image\/"}}]}},"_links":{"self":[{"href":"https:\/\/tianzhuricorico.com\/en\/wp-json\/wp\/v2\/pages\/16","targetHints":{"allow":["GET"]}}],"collection":[{"href":"https:\/\/tianzhuricorico.com\/en\/wp-json\/wp\/v2\/pages"}],"about":[{"href":"https:\/\/tianzhuricorico.com\/en\/wp-json\/wp\/v2\/types\/page"}],"author":[{"embeddable":true,"href":"https:\/\/tianzhuricorico.com\/en\/wp-json\/wp\/v2\/users\/1"}],"replies":[{"embeddable":true,"href":"https:\/\/tianzhuricorico.com\/en\/wp-json\/wp\/v2\/comments?post=16"}],"version-history":[{"count":40,"href":"https:\/\/tianzhuricorico.com\/en\/wp-json\/wp\/v2\/pages\/16\/revisions"}],"predecessor-version":[{"id":300,"href":"https:\/\/tianzhuricorico.com\/en\/wp-json\/wp\/v2\/pages\/16\/revisions\/300"}],"wp:attachment":[{"href":"https:\/\/tianzhuricorico.com\/en\/wp-json\/wp\/v2\/media?parent=16"}],"curies":[{"name":"wp","href":"https:\/\/api.w.org\/{rel}","templated":true}]}}